{"id":41,"date":"2022-11-16T02:58:10","date_gmt":"2022-11-16T01:58:10","guid":{"rendered":"http:\/\/zqckucq.cluster029.hosting.ovh.net\/?page_id=41"},"modified":"2026-02-26T17:23:00","modified_gmt":"2026-02-26T16:23:00","slug":"sitrust","status":"publish","type":"page","link":"https:\/\/sitrust.fr\/","title":{"rendered":""},"content":{"rendered":"\n<div class=\"inherit-container-width wp-block-group is-layout-constrained wp-block-group-is-layout-constrained\">\n<div class=\"inherit-container-width wp-block-group has-neutral-700-color has-white-background-color has-text-color has-background has-link-color wp-elements-20578dfbcfc8cda81dc25f4db11a5c6e is-layout-constrained wp-container-core-group-is-layout-da976f36 wp-block-group-is-layout-constrained\" style=\"border-radius:0.5rem;padding-top:0px;padding-right:0px;padding-bottom:0px;padding-left:0px\">\n<div class=\"wp-block-uagb-container uagb-block-e7831dee alignfull uagb-is-root-container\"><div class=\"uagb-container-inner-blocks-wrap\"><\/div><\/div>\n\n\n\n<figure class=\"wp-block-image aligncenter size-full is-resized has-custom-border\"><a href=\"https:\/\/sitrust.fr\/support\/rustdesk.exe\"><img loading=\"lazy\" decoding=\"async\" width=\"740\" height=\"283\" src=\"https:\/\/sitrust.fr\/wp-content\/uploads\/2022\/11\/logo3-1.jpg\" alt=\"\" class=\"wp-image-14\" style=\"border-top-left-radius:38px;border-top-right-radius:38px;border-bottom-left-radius:38px;border-bottom-right-radius:38px;aspect-ratio:1.7777777777777777;object-fit:contain;width:494px;height:auto\" srcset=\"https:\/\/sitrust.fr\/wp-content\/uploads\/2022\/11\/logo3-1.jpg 740w, https:\/\/sitrust.fr\/wp-content\/uploads\/2022\/11\/logo3-1-300x115.jpg 300w\" sizes=\"auto, (max-width: 740px) 100vw, 740px\" \/><\/a><\/figure>\n\n\n\n<p class=\"has-text-align-center\" style=\"padding-top:0;padding-right:0;padding-bottom:0;padding-left:0\"><strong>SITE EN COURS DE DEVELOPPEMENT<\/strong>&#8230;<\/p>\n\n\n\n<p class=\"has-text-align-center\">  Syst\u00e8me d&rsquo;information, outils collaboratifs, expertise, d\u00e9ploiement,<br> audits, s\u00e9curit\u00e9, r\u00e9seaux, ing\u00e9nierie, supervision, infog\u00e9rance,<br> \u00e9tude de projet, d\u00e9l\u00e9gation, maintenance, conseil, <br>solution cloud, serveurs, mat\u00e9riels, assistance,<br> formation, blockchain, identification, cahier des charges,<br> appels d&rsquo;offre, contr\u00f4le, gestion, \u00e9valuation des risques,<br> RGPD, logiciels&#8230;.<\/p>\n\n\n\n<div class=\"inherit-container-width wp-block-group is-layout-constrained wp-container-core-group-is-layout-cd81e5a8 wp-block-group-is-layout-constrained\" style=\"padding-top:2rem;padding-right:2rem;padding-bottom:2rem;padding-left:2rem\">\n<header class=\"inherit-container-width wp-block-group is-layout-constrained wp-block-group-is-layout-constrained\">\n<hr class=\"wp-block-separator has-text-color has-neutral-200-color has-css-opacity has-neutral-200-background-color has-background is-style-wide\"\/>\n<\/header>\n\n\n\n<footer class=\"inherit-container-width wp-block-group is-layout-constrained wp-block-group-is-layout-constrained\">\n<p><\/p>\n<\/footer>\n\n\n\n<div class=\"wp-block-group alignwide is-content-justification-center is-nowrap is-layout-flex wp-container-core-group-is-layout-23441af8 wp-block-group-is-layout-flex\">\n<figure class=\"wp-block-image size-full is-resized\"><img loading=\"lazy\" decoding=\"async\" src=\"http:\/\/zqckucq.cluster029.hosting.ovh.net\/wp-content\/uploads\/2022\/11\/Microsoft-Certification-Logo.png\" alt=\"\" class=\"wp-image-16\" width=\"102\" height=\"53\" srcset=\"https:\/\/sitrust.fr\/wp-content\/uploads\/2022\/11\/Microsoft-Certification-Logo.png 631w, https:\/\/sitrust.fr\/wp-content\/uploads\/2022\/11\/Microsoft-Certification-Logo-300x157.png 300w\" sizes=\"auto, (max-width: 102px) 100vw, 102px\" \/><\/figure>\n\n\n\n<figure class=\"wp-block-image size-full\"><img loading=\"lazy\" decoding=\"async\" width=\"111\" height=\"66\" src=\"https:\/\/sitrust.fr\/wp-content\/uploads\/2023\/05\/hpe.png\" alt=\"\" class=\"wp-image-74\"\/><\/figure>\n\n\n\n<figure class=\"wp-block-image size-full is-resized\"><img loading=\"lazy\" decoding=\"async\" src=\"http:\/\/zqckucq.cluster029.hosting.ovh.net\/wp-content\/uploads\/2022\/11\/partner-wortmann2.jpg\" alt=\"\" class=\"wp-image-20\" width=\"81\" height=\"74\" srcset=\"https:\/\/sitrust.fr\/wp-content\/uploads\/2022\/11\/partner-wortmann2.jpg 601w, https:\/\/sitrust.fr\/wp-content\/uploads\/2022\/11\/partner-wortmann2-300x278.jpg 300w\" sizes=\"auto, (max-width: 81px) 100vw, 81px\" \/><\/figure>\n<\/div>\n<\/div>\n<\/div>\n<\/div>\n","protected":false},"excerpt":{"rendered":"<p>SITE EN COURS DE DEVELOPPEMENT&#8230; Syst\u00e8me d&rsquo;information, outils collaboratifs, expertise, d\u00e9ploiement, audits, s\u00e9curit\u00e9, r\u00e9seaux, ing\u00e9nierie, supervision, infog\u00e9rance, \u00e9tude de projet, d\u00e9l\u00e9gation, maintenance, conseil, solution cloud, serveurs, mat\u00e9riels, assistance, formation, blockchain, identification, cahier des charges, appels d&rsquo;offre, contr\u00f4le, gestion, \u00e9valuation des risques, RGPD, logiciels&#8230;.<\/p>\n","protected":false},"author":1,"featured_media":0,"parent":0,"menu_order":0,"comment_status":"closed","ping_status":"closed","template":"","meta":{"_uag_custom_page_level_css":"","site-sidebar-layout":"default","site-content-layout":"","ast-site-content-layout":"default","site-content-style":"default","site-sidebar-style":"default","ast-global-header-display":"","ast-banner-title-visibility":"","ast-main-header-display":"","ast-hfb-above-header-display":"","ast-hfb-below-header-display":"","ast-hfb-mobile-header-display":"","site-post-title":"","ast-breadcrumbs-content":"","ast-featured-img":"","footer-sml-layout":"","theme-transparent-header-meta":"","adv-header-id-meta":"","stick-header-meta":"","header-above-stick-meta":"","header-main-stick-meta":"","header-below-stick-meta":"","astra-migrate-meta-layouts":"set","ast-page-background-enabled":"default","ast-page-background-meta":{"desktop":{"background-color":"var(--ast-global-color-4)","background-image":"","background-repeat":"repeat","background-position":"center center","background-size":"auto","background-attachment":"scroll","background-type":"","background-media":"","overlay-type":"","overlay-color":"","overlay-opacity":"","overlay-gradient":""},"tablet":{"background-color":"","background-image":"","background-repeat":"repeat","background-position":"center center","background-size":"auto","background-attachment":"scroll","background-type":"","background-media":"","overlay-type":"","overlay-color":"","overlay-opacity":"","overlay-gradient":""},"mobile":{"background-color":"","background-image":"","background-repeat":"repeat","background-position":"center center","background-size":"auto","background-attachment":"scroll","background-type":"","background-media":"","overlay-type":"","overlay-color":"","overlay-opacity":"","overlay-gradient":""}},"ast-content-background-meta":{"desktop":{"background-color":"var(--ast-global-color-5)","background-image":"","background-repeat":"repeat","background-position":"center center","background-size":"auto","background-attachment":"scroll","background-type":"","background-media":"","overlay-type":"","overlay-color":"","overlay-opacity":"","overlay-gradient":""},"tablet":{"background-color":"var(--ast-global-color-5)","background-image":"","background-repeat":"repeat","background-position":"center center","background-size":"auto","background-attachment":"scroll","background-type":"","background-media":"","overlay-type":"","overlay-color":"","overlay-opacity":"","overlay-gradient":""},"mobile":{"background-color":"var(--ast-global-color-5)","background-image":"","background-repeat":"repeat","background-position":"center center","background-size":"auto","background-attachment":"scroll","background-type":"","background-media":"","overlay-type":"","overlay-color":"","overlay-opacity":"","overlay-gradient":""}},"footnotes":""},"class_list":["post-41","page","type-page","status-publish","hentry"],"uagb_featured_image_src":{"full":false,"thumbnail":false,"medium":false,"medium_large":false,"large":false,"1536x1536":false,"2048x2048":false},"uagb_author_info":{"display_name":"admin2176","author_link":"https:\/\/sitrust.fr\/index.php\/author\/admin2176\/"},"uagb_comment_info":0,"uagb_excerpt":"SITE EN COURS DE DEVELOPPEMENT&#8230; Syst\u00e8me d&rsquo;information, outils collaboratifs, expertise, d\u00e9ploiement, audits, s\u00e9curit\u00e9, r\u00e9seaux, ing\u00e9nierie, supervision, infog\u00e9rance, \u00e9tude de projet, d\u00e9l\u00e9gation, maintenance, conseil, solution cloud, serveurs, mat\u00e9riels, assistance, formation, blockchain, identification, cahier des charges, appels d&rsquo;offre, contr\u00f4le, gestion, \u00e9valuation des risques, RGPD, logiciels&#8230;.","_links":{"self":[{"href":"https:\/\/sitrust.fr\/index.php\/wp-json\/wp\/v2\/pages\/41","targetHints":{"allow":["GET"]}}],"collection":[{"href":"https:\/\/sitrust.fr\/index.php\/wp-json\/wp\/v2\/pages"}],"about":[{"href":"https:\/\/sitrust.fr\/index.php\/wp-json\/wp\/v2\/types\/page"}],"author":[{"embeddable":true,"href":"https:\/\/sitrust.fr\/index.php\/wp-json\/wp\/v2\/users\/1"}],"replies":[{"embeddable":true,"href":"https:\/\/sitrust.fr\/index.php\/wp-json\/wp\/v2\/comments?post=41"}],"version-history":[{"count":34,"href":"https:\/\/sitrust.fr\/index.php\/wp-json\/wp\/v2\/pages\/41\/revisions"}],"predecessor-version":[{"id":317,"href":"https:\/\/sitrust.fr\/index.php\/wp-json\/wp\/v2\/pages\/41\/revisions\/317"}],"wp:attachment":[{"href":"https:\/\/sitrust.fr\/index.php\/wp-json\/wp\/v2\/media?parent=41"}],"curies":[{"name":"wp","href":"https:\/\/api.w.org\/{rel}","templated":true}]}}